{"id":105,"date":"2018-08-31T19:21:07","date_gmt":"2018-08-31T19:21:07","guid":{"rendered":"http:\/\/olavarria.com\/web\/?page_id=105"},"modified":"2018-09-11T22:26:28","modified_gmt":"2018-09-12T01:26:28","slug":"localidades","status":"publish","type":"page","link":"http:\/\/olavarria.com\/web\/localidades\/","title":{"rendered":"Localidades"},"content":{"rendered":"<div align=\"center\">\n<h1><span style=\"color: #ff6600;\"><strong>Localidades del Partido de Olavarr\u00eda<\/strong><\/span><\/h1>\n<p>Estamos tomando nuevas fotograf\u00edas de las localidades,<br \/>\nlas que incluiremos con m\u00e1s informaci\u00f3n<br \/>\n<u><img loading=\"lazy\" decoding=\"async\" src=\"http:\/\/www.olavarria.info\/images\/37.gif\" width=\"11\" height=\"11\" \/><\/u>\u00a0<u>ACTUALIZADO<\/u>:\u00a0<strong>HINOJO &#8211; NUEVA INFORMACION Y FOTOGRAF\u00cdAS<\/strong><\/p>\n<\/div>\n<table border=\"0\" width=\"90%\" cellspacing=\"0\" cellpadding=\"0\" align=\"center\">\n<tbody>\n<tr>\n<td width=\"20\"><img loading=\"lazy\" decoding=\"async\" src=\"http:\/\/www.olavarria.info\/images\/dcp_arrow_right.gif\" width=\"11\" height=\"11\" \/><\/td>\n<td><a href=\"http:\/\/www.olavarria.info\/ciudad\/laciudad\/localidades\/blancagrande\/index.php\">Blanca Grande<\/a><\/td>\n<td><\/td>\n<td width=\"20\"><u><img loading=\"lazy\" decoding=\"async\" src=\"http:\/\/www.olavarria.info\/images\/dcp_arrow_right.gif\" width=\"11\" height=\"11\" \/><\/u><\/td>\n<td><a href=\"http:\/\/www.olavarria.info\/ciudad\/laciudad\/localidades\/lomanegra\/index.php\">Loma Negra<\/a><\/td>\n<\/tr>\n<tr>\n<td width=\"20\"><img loading=\"lazy\" decoding=\"async\" src=\"http:\/\/www.olavarria.info\/images\/dcp_arrow_right.gif\" width=\"11\" height=\"11\" \/><\/td>\n<td><a href=\"http:\/\/www.olavarria.info\/ciudad\/laciudad\/localidades\/cerrosotuyo\/index.php\">Cerro Sotuyo<\/a><\/td>\n<td><\/td>\n<td width=\"20\"><u><img loading=\"lazy\" decoding=\"async\" src=\"http:\/\/www.olavarria.info\/images\/dcp_arrow_right.gif\" width=\"11\" height=\"11\" \/><\/u><\/td>\n<td><a href=\"http:\/\/www.olavarria.info\/ciudad\/laciudad\/localidades\/mapis\/index.php\">Mapis<\/a><\/td>\n<\/tr>\n<tr>\n<td><img loading=\"lazy\" decoding=\"async\" src=\"http:\/\/www.olavarria.info\/images\/dcp_arrow_right.gif\" width=\"11\" height=\"11\" \/><\/td>\n<td><a href=\"http:\/\/www.olavarria.info\/ciudad\/laciudad\/localidades\/coloniahinojo\/index.php\">Colonia Hinojo<\/a><\/td>\n<td><\/td>\n<td><u><img loading=\"lazy\" decoding=\"async\" src=\"http:\/\/www.olavarria.info\/images\/dcp_arrow_right.gif\" width=\"11\" height=\"11\" \/><\/u><\/td>\n<td><a href=\"http:\/\/www.olavarria.info\/ciudad\/laciudad\/localidades\/munoz\/index.php\">Mu\u00f1oz<\/a><\/td>\n<\/tr>\n<tr>\n<td width=\"20\"><img loading=\"lazy\" decoding=\"async\" src=\"http:\/\/www.olavarria.info\/images\/dcp_arrow_right.gif\" width=\"11\" height=\"11\" \/><\/td>\n<td><a href=\"http:\/\/www.olavarria.info\/ciudad\/laciudad\/localidades\/colonialascarmelitas\/index.php\">Colonia Las Carmelitas<\/a><\/td>\n<td><\/td>\n<td width=\"20\"><u><img loading=\"lazy\" decoding=\"async\" src=\"http:\/\/www.olavarria.info\/images\/dcp_arrow_right.gif\" width=\"11\" height=\"11\" \/><\/u><\/td>\n<td><a href=\"http:\/\/www.olavarria.info\/ciudad\/laciudad\/localidades\/recalde\/index.php\">Recalde<\/a><\/td>\n<\/tr>\n<tr>\n<td width=\"20\"><img loading=\"lazy\" decoding=\"async\" src=\"http:\/\/www.olavarria.info\/images\/dcp_arrow_right.gif\" width=\"11\" height=\"11\" \/><\/td>\n<td><a href=\"http:\/\/www.olavarria.info\/ciudad\/laciudad\/localidades\/colonianievas\/index.php\">Colonia Nievas<\/a><\/td>\n<td><\/td>\n<td width=\"20\"><u><img loading=\"lazy\" decoding=\"async\" src=\"http:\/\/www.olavarria.info\/images\/dcp_arrow_right.gif\" width=\"11\" height=\"11\" \/><\/u><\/td>\n<td><a href=\"http:\/\/www.olavarria.info\/ciudad\/laciudad\/localidades\/rocha\/index.php\">Rocha<\/a><\/td>\n<\/tr>\n<tr>\n<td width=\"20\"><img loading=\"lazy\" decoding=\"async\" src=\"http:\/\/www.olavarria.info\/images\/dcp_arrow_right.gif\" width=\"11\" height=\"11\" \/><\/td>\n<td><a href=\"http:\/\/www.olavarria.info\/ciudad\/laciudad\/localidades\/coloniasanmiguel\/index.php\">Colonia San Miguel<\/a><\/td>\n<td><\/td>\n<td width=\"20\"><u><img loading=\"lazy\" decoding=\"async\" src=\"http:\/\/www.olavarria.info\/images\/dcp_arrow_right.gif\" width=\"11\" height=\"11\" \/><\/u><\/td>\n<td><a href=\"http:\/\/www.olavarria.info\/ciudad\/laciudad\/localidades\/santaluisa\/index.php\">Santa Luisa<\/a><\/td>\n<\/tr>\n<tr>\n<td width=\"20\"><img loading=\"lazy\" decoding=\"async\" src=\"http:\/\/www.olavarria.info\/images\/dcp_arrow_right.gif\" width=\"11\" height=\"11\" \/><\/td>\n<td><a href=\"http:\/\/www.olavarria.info\/ciudad\/laciudad\/localidades\/duranona\/index.php\">Dura\u00f1ona<\/a><\/td>\n<td><\/td>\n<td width=\"20\"><u><img loading=\"lazy\" decoding=\"async\" src=\"http:\/\/www.olavarria.info\/images\/dcp_arrow_right.gif\" width=\"11\" height=\"11\" \/><\/u><\/td>\n<td><a href=\"http:\/\/www.olavarria.info\/ciudad\/laciudad\/localidades\/sierrachica\/index.php\">Sierra Chica<\/a><\/td>\n<\/tr>\n<tr>\n<td width=\"20\"><img loading=\"lazy\" decoding=\"async\" src=\"http:\/\/www.olavarria.info\/images\/dcp_arrow_right.gif\" width=\"11\" height=\"11\" \/><\/td>\n<td><a href=\"http:\/\/www.olavarria.info\/ciudad\/laciudad\/localidades\/espigas\/index.php\">Espigas<\/a><\/td>\n<td><\/td>\n<td width=\"20\"><u><img loading=\"lazy\" decoding=\"async\" src=\"http:\/\/www.olavarria.info\/images\/dcp_arrow_right.gif\" width=\"11\" height=\"11\" \/><\/u><\/td>\n<td><a href=\"http:\/\/www.olavarria.info\/ciudad\/laciudad\/localidades\/sierrasbayas\/index.php\">Sierras Bayas<\/a><\/td>\n<\/tr>\n<tr>\n<td width=\"20\"><img loading=\"lazy\" decoding=\"async\" src=\"http:\/\/www.olavarria.info\/images\/dcp_arrow_right.gif\" width=\"11\" height=\"11\" \/><\/td>\n<td><a href=\"http:\/\/www.olavarria.info\/ciudad\/laciudad\/localidades\/hinojo\/index.php\">Hinojo<\/a>\u00a0<img loading=\"lazy\" decoding=\"async\" src=\"http:\/\/www.olavarria.info\/images\/37.gif\" width=\"11\" height=\"11\" \/><\/td>\n<td><\/td>\n<td width=\"20\"><u><img loading=\"lazy\" decoding=\"async\" src=\"http:\/\/www.olavarria.info\/images\/dcp_arrow_right.gif\" width=\"11\" height=\"11\" \/><\/u><\/td>\n<td><a href=\"http:\/\/www.olavarria.info\/ciudad\/laciudad\/localidades\/villaalfredofortabat\/index.php\">Villa Alfredo Fortabat<\/a><\/td>\n<\/tr>\n<tr>\n<td width=\"20\"><img loading=\"lazy\" decoding=\"async\" src=\"http:\/\/www.olavarria.info\/images\/dcp_arrow_right.gif\" width=\"11\" height=\"11\" \/><\/td>\n<td><a href=\"http:\/\/www.olavarria.info\/ciudad\/laciudad\/localidades\/iturregui\/index.php\">Iturregui<\/a><\/td>\n<td><\/td>\n<td width=\"20\"><u><img loading=\"lazy\" decoding=\"async\" src=\"http:\/\/www.olavarria.info\/images\/dcp_arrow_right.gif\" width=\"11\" height=\"11\" \/><\/u><\/td>\n<td><\/td>\n<\/tr>\n<\/tbody>\n<\/table>\n","protected":false},"excerpt":{"rendered":"<p>Localidades del Partido de Olavarr\u00eda Estamos tomando nuevas fotograf\u00edas de las localidades, las que incluiremos con m\u00e1s informaci\u00f3n \u00a0ACTUALIZADO:\u00a0HINOJO &#8211; NUEVA INFORMACION Y FOTOGRAF\u00cdAS Blanca Grande Loma Negra Cerro Sotuyo Mapis Colonia Hinojo Mu\u00f1oz Colonia Las Carmelitas Recalde Colonia Nievas Rocha Colonia San Miguel Santa Luisa Dura\u00f1ona Sierra Chica Espigas Sierras Bayas Hinojo\u00a0 Villa Alfredo [&hellip;]<\/p>\n","protected":false},"author":1,"featured_media":747,"parent":0,"menu_order":0,"comment_status":"closed","ping_status":"closed","template":"","meta":{"footnotes":""},"class_list":["post-105","page","type-page","status-publish","has-post-thumbnail","hentry"],"_links":{"self":[{"href":"http:\/\/olavarria.com\/web\/wp-json\/wp\/v2\/pages\/105","targetHints":{"allow":["GET"]}}],"collection":[{"href":"http:\/\/olavarria.com\/web\/wp-json\/wp\/v2\/pages"}],"about":[{"href":"http:\/\/olavarria.com\/web\/wp-json\/wp\/v2\/types\/page"}],"author":[{"embeddable":true,"href":"http:\/\/olavarria.com\/web\/wp-json\/wp\/v2\/users\/1"}],"replies":[{"embeddable":true,"href":"http:\/\/olavarria.com\/web\/wp-json\/wp\/v2\/comments?post=105"}],"version-history":[{"count":3,"href":"http:\/\/olavarria.com\/web\/wp-json\/wp\/v2\/pages\/105\/revisions"}],"predecessor-version":[{"id":748,"href":"http:\/\/olavarria.com\/web\/wp-json\/wp\/v2\/pages\/105\/revisions\/748"}],"wp:featuredmedia":[{"embeddable":true,"href":"http:\/\/olavarria.com\/web\/wp-json\/wp\/v2\/media\/747"}],"wp:attachment":[{"href":"http:\/\/olavarria.com\/web\/wp-json\/wp\/v2\/media?parent=105"}],"curies":[{"name":"wp","href":"https:\/\/api.w.org\/{rel}","templated":true}]}}